{"id":58,"date":"2025-10-28T04:39:00","date_gmt":"2025-10-28T04:39:00","guid":{"rendered":"https:\/\/uncrossablerush.uk.com\/?page_id=58"},"modified":"2026-02-06T08:56:37","modified_gmt":"2026-02-06T08:56:37","slug":"home1","status":"publish","type":"page","link":"https:\/\/uncrossablerush.uk.com\/hu\/","title":{"rendered":"home1"},"content":{"rendered":"<section class=\"gb-element-c0819d6c banner\">\n<div class=\"gb-element-0659d418\">\n<div class=\"wp-block-columns is-layout-flex wp-container-core-columns-is-layout-9d6595d7 wp-block-columns-is-layout-flex\">\n<div class=\"wp-block-column is-layout-flow wp-block-column-is-layout-flow\">\n<h2 class=\"gb-text gb-text-155ce4c1\">Uncrossable Rush: AZ ARANYKAKAS J\u00c1T\u00c9K, AMELY KERESZTEZI AZ AUT\u00d3P\u00c1LY\u00c1T<\/h2>\n\n\n\n<p class=\"has-text-align-center has-base-3-color has-text-color has-link-color wp-elements-09925c00a8a3e2c74f4a88472967e480\"><strong>J\u00e1tsszon <strong>\u00c1TL\u00c9PHETETLEN ROHAN\u00c1S<\/strong> most, \u00e9s kezdj el p\u00e9nzt keresni. \u00c9lvezze a <strong>500% \u00fcdv\u00f6zl\u0151 b\u00f3nusz ak\u00e1r 6,000 eur\u00f3ig<\/strong>.<\/strong><\/p>\n\n\n\n<div class=\"wp-block-columns is-layout-flex wp-container-core-columns-is-layout-9d6595d7 wp-block-columns-is-layout-flex\">\n<div class=\"wp-block-column is-layout-flow wp-block-column-is-layout-flow\" style=\"flex-basis:20px\"><\/div>\n\n\n\n<div class=\"wp-block-column is-layout-flow wp-block-column-is-layout-flow\">\n<a class=\"gb-text gb-text-50c1af7c\" href=\"\/play\/\">DEMO M\u00d3DBAN J\u00c1TSZANI<\/a>\n<\/div>\n\n\n\n<div class=\"wp-block-column is-layout-flow wp-block-column-is-layout-flow\">\n<a class=\"gb-text gb-text-6d7e1e7e\" href=\"\/play\/\">VAL\u00d3DI P\u00c9NZZEL J\u00c1TSZANI<\/a>\n<\/div>\n\n\n\n<div class=\"wp-block-column is-layout-flow wp-block-column-is-layout-flow\" style=\"flex-basis:20px\"><\/div>\n<\/div>\n<\/div>\n<\/div>\n<\/div>\n<\/section>\n\n\n\n<div class=\"gb-element-12e373b6\">\n<h1 class=\"wp-block-heading\">Uncrossable Rush fel\u00fclvizsg\u00e1lata: \u00c1tver\u00e9s vagy leg\u00e1lis?<\/h1>\n\n\n\n<p>Eleged van abb\u00f3l, hogy csak n\u00e9zed, ahogy p\u00f6r\u00f6gnek a t\u00e1rcs\u00e1k, an\u00e9lk\u00fcl, hogy belesz\u00f3lhatn\u00e1l a j\u00e1t\u00e9k v\u00e9geredm\u00e9ny\u00e9be? Ez az Uncrossable Rush \u00e9rt\u00e9kel\u00e9s lebontja ezt az Evoplay j\u00e1t\u00e9kot az \u00d6n sz\u00e1m\u00e1ra, ahol a mer\u00e9szs\u00e9ge, hogy keresztezze a forgalmat <strong>k\u00f6zvetlen\u00fcl meghat\u00e1rozza a nyeres\u00e9g nagys\u00e1g\u00e1t<\/strong>. Ismerje meg most, hogyan szel\u00edd\u00edtse meg ezt a 97% RTP-t, \u00e9s fedezze fel, hogyan vezethet kock\u00e1zatkezel\u00e9si m\u00f3dszer\u00fcnk a 10 000-szeres jackpothoz.<\/p>\n\n\n\n<ol class=\"wp-block-list\">\n<li><a href=\"#uncrossable-rush-review-evoplay\">Uncrossable Rush fel\u00fclvizsg\u00e1lat: az Evoplay \u00fctk\u00f6z\u0151j\u00e1t\u00e9k mikroszk\u00f3p alatt<\/a><\/li>\n\n\n\n<li><a href=\"#game-mechanics-difficulty\">J\u00e1t\u00e9kmechanika \u00e9s \u00e1ll\u00edthat\u00f3 neh\u00e9zs\u00e9gi szintek<\/a><\/li>\n\n\n\n<li><a href=\"#user-experience-versions\">Felhaszn\u00e1l\u00f3i \u00e9lm\u00e9ny \u00e9s tematikus verzi\u00f3k<\/a><\/li>\n\n\n\n<li><a href=\"#betting-strategies-verdict\">Fogad\u00e1si strat\u00e9gi\u00e1k \u00e9s v\u00e9gs\u0151 \u00edt\u00e9let a nyeres\u00e9gess\u00e9gr\u0151l<\/a><\/li>\n<\/ol>\n\n\n\n<h2 class=\"wp-block-heading\" id=\"uncrossable-rush-review-evoplay\">Uncrossable Rush fel\u00fclvizsg\u00e1lat: az Evoplay \u00fctk\u00f6z\u0151j\u00e1t\u00e9k mikroszk\u00f3p alatt<\/h2>\n\n\n\n<p>Felejtsd el a hurokban p\u00f6rg\u0151 f\u00e9lkar\u00fa bandit\u00e1kat; itt most egy <strong>a csirke kock\u00e1ztatja a b\u0151r\u00e9t a szorz\u00f3k\u00e9rt<\/strong>.<\/p>\n\n\n\n<h3 class=\"wp-block-heading\">Egy \u00fatkeresztez\u0151 koncepci\u00f3, amely t\u00e1vol \u00e1ll a klasszikus nyer\u0151g\u00e9pekt\u0151l<\/h3>\n\n\n\n<p>K\u00e9pzeld el Eggwin\u00e1t, a rettenthetetlen ty\u00fakot, aki egy kaotikus, 24 s\u00e1vos aut\u00f3p\u00e1ly\u00e1val n\u00e9z szembe. Ez nem egy nyer\u0151g\u00e9p, ahol elszenveded az eredm\u00e9nyt; ez egy <strong>tiszta \u00f6sszeoml\u00e1sos j\u00e1t\u00e9k, ahol az interakci\u00f3 helyettes\u00edti a t\u00e1rcs\u00e1kat<\/strong>.<\/p>\n\n\n\n<p>Nem eml\u00e9keztet a Froggerre? Pontosan, de <strong>val\u00f3di p\u00e9nz forog kock\u00e1n<\/strong>. Ellent\u00e9tben a nyer\u0151g\u00e9pekkel, ahol \u00e9sz n\u00e9lk\u00fcl figyelsz, itt te d\u00f6ntesz arr\u00f3l, hogy l\u00e9p\u00e9sr\u0151l l\u00e9p\u00e9sre haladsz-e el\u0151re, ami gy\u00f6keresen megv\u00e1ltoztatja az ir\u00e1ny\u00edt\u00e1s \u00e9rz\u00e9s\u00e9t.<\/p>\n\n\n\n<p>Minden egyes kattint\u00e1s egy <strong>k\u00f6zvetlen \u00fctk\u00f6z\u00e9svesz\u00e9ly<\/strong>. Ez nem a hagyom\u00e1nyos nyer\u0151g\u00e9pek passz\u00edv es\u00e9lye; ez nyers adrenalin.<\/p>\n\n\n\n<h3 class=\"wp-block-heading\">97% RTP \u00e9s magas volatilit\u00e1s az izmos nyeres\u00e9g\u00e9rt<\/h3>\n\n\n\n<p>A 97% RTP-vel ez a c\u00edm olyan \u00f3ri\u00e1sokat is fel\u00fclm\u00fal, mint a Starburst vagy a Gonzo's Quest. Ez j\u00f3val a szok\u00e1sos kaszin\u00f3j\u00e1t\u00e9kok \u00e1tlaga felett van. A <strong>az elm\u00e9leti j\u00f6vedelmez\u0151s\u00e9g ez\u00e9rt k\u00fcl\u00f6n\u00f6sen szil\u00e1rd<\/strong> az okos j\u00e1t\u00e9kosok sz\u00e1m\u00e1ra.<\/p>\n\n\n\n<p>Legyen \u00f3vatos, a volatilit\u00e1s magas. A <strong>a gy\u0151zelmek ritk\u00e1k, de robban\u00e1svesz\u00e9lyesek lehetnek<\/strong>, k\u00fcl\u00f6n\u00f6sen, ha a maxim\u00e1lis, 10 000-szeres szorz\u00f3t c\u00e9lozza meg.<\/p>\n\n\n\n<p>Ez a <strong>maxim\u00e1lis elm\u00e9leti nyerem\u00e9ny<\/strong> a gyilkos \u00e9rv. Ide\u00e1lis azok sz\u00e1m\u00e1ra, akik egyetlen fesz\u00fclt \u00fcl\u00e9sben keresik a nagy pontsz\u00e1mot.<\/p>\n\n\n\n<h3 class=\"wp-block-heading\">Megb\u00edzhat\u00f3s\u00e1g \u00e9s Provably Fair rendszer a nyugodt j\u00e1t\u00e9khoz<\/h3>\n\n\n\n<p>A Provably Fair technol\u00f3gia megv\u00e1ltoztatja a szkeptikusok j\u00e1t\u00e9k\u00e1t. Minden egyes <strong>az eredm\u00e9ny kriptogr\u00e1fi\u00e1val ellen\u0151rizhet\u0151<\/strong>ami kiz\u00e1rja a kaszin\u00f3 \u00e1ltal t\u00f6rt\u00e9n\u0151, val\u00f3s idej\u0171 eredm\u00e9nymanipul\u00e1ci\u00f3 gyan\u00faj\u00e1t.<\/p>\n\n\n\n<p>Az Evoplay nem egy hom\u00e1lyos st\u00fadi\u00f3; ez egy <strong>tan\u00fas\u00edtott neh\u00e9zs\u00faly\u00fa fejleszt\u0151<\/strong> az ipar\u00e1gban. H\u00edrnev\u00fck j\u00f3l megalapozott a piacon, garant\u00e1lva a stabil \u00e9s audit\u00e1lt szoftvereket.<\/p>\n\n\n\n<p>A j\u00e1t\u00e9kos az \u00e1tkel\u00e9si strat\u00e9gi\u00e1j\u00e1ra \u00f6sszpontos\u00edthat. Nem kell f\u00e9lnie egy <strong>technikai \u00e1tver\u00e9s, csak a s\u0171r\u0171 forgalom<\/strong>.<\/p>\n\n\n\n<h2 class=\"wp-block-heading\" id=\"game-mechanics-difficulty\">J\u00e1t\u00e9kmechanika \u00e9s \u00e1ll\u00edthat\u00f3 neh\u00e9zs\u00e9gi szintek<\/h2>\n\n\n\n<p>De az igazi er\u0151ss\u00e9ge ennek a c\u00edmnek az. <strong>a saj\u00e1t kock\u00e1zati toleranci\u00e1j\u00e1hoz val\u00f3 alkalmazkod\u00e1s k\u00e9pess\u00e9ge<\/strong>.<\/p>\n\n\n\n<h3 class=\"wp-block-heading\">N\u00e9gy kock\u00e1zati m\u00f3d: a k\u00f6nny\u0171t\u0151l a hardcore-ig<\/h3>\n\n\n\n<p>Az Evoplay n\u00e9gy k\u00fcl\u00f6nb\u00f6z\u0151 be\u00e1ll\u00edt\u00e1st k\u00edn\u00e1l, amelyek radik\u00e1lisan \u00e1talak\u00edtj\u00e1k a j\u00e1t\u00e9k\u00e9lm\u00e9nyt. Minden egyes t\u00e9t el\u0151tt \u00d6n v\u00e1lasztja ki a forgalom intenzit\u00e1s\u00e1t. Minden \u00fczemm\u00f3d <strong>radik\u00e1lisan megv\u00e1ltoztatja a balesetek gyakoris\u00e1g\u00e1t<\/strong> \u00fatk\u00f6zben.<\/p>\n\n\n\n<p>\u00cdgy m\u0171k\u00f6dik a <strong>a kock\u00e1zat fejl\u0151dik<\/strong> az \u00d6n v\u00e1laszt\u00e1sa szerint:<\/p>\n\n\n\n<ul class=\"wp-block-list\">\n<li><strong>K\u00f6nny\u0171 m\u00f3d<\/strong>Kis szorz\u00f3k, de gyakori sikerek.<\/li>\n\n\n\n<li><strong>K\u00f6zepes \u00fczemm\u00f3d<\/strong>Kock\u00e1zat \u00e9s jutalom k\u00f6z\u00f6tti egyens\u00faly.<\/li>\n\n\n\n<li><strong>Neh\u00e9z m\u00f3d<\/strong>mer\u00e9sz j\u00e1t\u00e9kosok sz\u00e1m\u00e1ra.<\/li>\n\n\n\n<li><strong>Hardcore m\u00f3d<\/strong>del\u00edriumos szorz\u00f3k, de <strong>a t\u00fal\u00e9l\u00e9s nagyon ritka<\/strong>.<\/li>\n<\/ul>\n\n\n\n<p>Azt tan\u00e1csolom a kezd\u0151knek, hogy maradjanak a k\u00f6nny\u0171 m\u00f3dban. Ez a <strong>a legjobb iskola a ritmus meg\u00e9rt\u00e9s\u00e9hez<\/strong> an\u00e9lk\u00fcl, hogy t\u00f6nkremenne.<\/p>\n\n\n\n<h3 class=\"wp-block-heading\">Szorz\u00f3k \u00e9s Rush sz\u00e1ml\u00e1l\u00f3 kezel\u00e9se<\/h3>\n\n\n\n<p>A gy\u0151zelemsz\u00e1ml\u00e1l\u00f3 vizu\u00e1lisan meg\u0151r\u00fcl, amint Eggwina \u00e1tl\u00e9p egy s\u00e1vot. Min\u00e9l tov\u00e1bb halad a csirke, ann\u00e1l ink\u00e1bb <strong>a sz\u00e1mok megvadulnak a k\u00e9perny\u0151n<\/strong>. Ez egy line\u00e1ris, de nagyon fesz\u00fclt fejl\u0151d\u00e9s. A fesz\u00fclts\u00e9g a szorz\u00f3val egy\u00fctt n\u0151.<\/p>\n\n\n\n<p>Az \u00f6sszeoml\u00e1s kisz\u00e1m\u00edthatatlans\u00e1ga minden egyes l\u00e9p\u00e9sn\u00e9l teljes marad. Soha nem tudhatod, hogy melyik <strong>s\u00e1v v\u00e9gzetes lesz<\/strong> a v\u00e1rosi mad\u00e1rnak.<\/p>\n\n\n\n<p>Ez a vizu\u00e1lis hat\u00e1s f\u00e9lelmetes pszichol\u00f3giai tr\u00fckk\u00f6t alkalmaz. A <strong>gyakran hib\u00e1z\u00e1sra k\u00e9sztet<\/strong> egyszer\u0171en abb\u00f3l a v\u00e1gyb\u00f3l, hogy a sz\u00e1m emelkedjen.<\/p>\n\n\n\n<h3 class=\"wp-block-heading\">Automatikus \u00fczemm\u00f3d \u00e9s progresszi\u00f3 testreszab\u00e1sa<\/h3>\n\n\n\n<p>Az automatiz\u00e1l\u00e1si lehet\u0151s\u00e9gek lehet\u0151v\u00e9 teszik a munkamenetek pontos konfigur\u00e1l\u00e1s\u00e1t. K\u00e9zi beavatkoz\u00e1s n\u00e9lk\u00fcl be\u00e1ll\u00edthatja a fordul\u00f3k sz\u00e1m\u00e1t \u00e9s az \u00f6sszegeket. <strong>A j\u00e1t\u00e9k az \u00d6n szab\u00e1lyai szerint kezeli az \u00e1tkel\u00e9st.<\/strong>.<\/p>\n\n\n\n<p>Az automatikus kifizet\u00e9s be\u00e1ll\u00edt\u00e1sa megv\u00e1ltoztatja a strat\u00e9giai j\u00e1t\u00e9kot. Ez a t\u00f6k\u00e9letes eszk\u00f6z a j\u00e1t\u00e9kb\u00f3l val\u00f3 kil\u00e9p\u00e9sre, amint egy bizonyos szintet el\u00e9r\u00fcnk. \u00d6n <strong>biztos\u00edtsa nyeres\u00e9g\u00e9t \u00e9rzelmi haboz\u00e1s n\u00e9lk\u00fcl<\/strong>.<\/p>\n\n\n\n<p>Ne felejtsen el szigor\u00fa vesztes\u00e9ghat\u00e1rokat szabni. Ez a sz\u00fcks\u00e9ges biztos\u00edt\u00e9k ahhoz, hogy <strong>v\u00e9dje a t\u0151k\u00e9j\u00e9t<\/strong> egy rossz sorozat ellen.<\/p>\n\n\n\n<h2 class=\"wp-block-heading\" id=\"user-experience-versions\">Felhaszn\u00e1l\u00f3i \u00e9lm\u00e9ny \u00e9s tematikus verzi\u00f3k<\/h2>\n\n\n\n<p>A sz\u00e1mokon t\u00fal, ez <strong>a vizu\u00e1lis csomagol\u00e1s, amely v\u00e9g\u00fcl meggy\u0151zi<\/strong> a legig\u00e9nyesebb j\u00e1t\u00e9kosok.<\/p>\n\n\n\n<h3 class=\"wp-block-heading\">A mobil \u00e9s v\u00e1rosi interf\u00e9sz ergon\u00f3mi\u00e1j\u00e1nak foly\u00e9konys\u00e1ga<\/h3>\n\n\n\n<p>Egy okostelefonon a kezel\u0151fel\u00fclet azonnali \u00e1ttekinthet\u0151s\u00e9g\u00e9vel nagyot \u00fct. A vez\u00e9rl\u0151gombok nagyok, elker\u00fclve az \u00fcgyetlen kezel\u00e9si hib\u00e1kat, az \u00e9rint\u00e9s\u00e9rz\u00e9kenys\u00e9g pedig \u0151szint\u00e9n sz\u00f3lva p\u00e9lda\u00e9rt\u00e9k\u0171. Azonnal \u00e9rezni, hogy <strong>a c\u00edmet nom\u00e1d j\u00e1t\u00e9kra tervezt\u00e9k<\/strong>.<\/p>\n\n\n\n<p>Vizu\u00e1lisan a v\u00e1rosi t\u00e9ma m\u00e1r az indul\u00e1skor felt\u0171nik. <strong>Az \u00e9l\u00e9nk sz\u00ednek tel\u00edtik a k\u00e9perny\u0151t, \u00e9s az Eggwina anim\u00e1ci\u00f3i abszol\u00fat foly\u00e9konyak.<\/strong>. Letisztult, modern, \u00e9s nem hom\u00e1lyosodik el, m\u00e9g kis k\u00e9perny\u0151n sem.<\/p>\n\n\n\n<p>Itt van egy <strong>gyors \u00f6sszehasonl\u00edt\u00e1s a d\u00f6nt\u00e9shez<\/strong> a k\u00e9t rendelkez\u00e9sre \u00e1ll\u00f3 l\u00e9gk\u00f6r k\u00f6z\u00f6tt.<\/p>\n\n\n\n<figure class=\"wp-block-table\"><table class=\"has-fixed-layout\"><thead><tr><th>Krit\u00e9rium<\/th><th>Klasszikus v\u00e1ltozat<\/th><th>X-mas verzi\u00f3<\/th><th>\u00c9rt\u00e9kel\u00e9s<\/th><\/tr><\/thead><tbody><tr><td>Grafika<\/td><td>V\u00e1rosi<\/td><td>\u00dcnnepi<\/td><td>5\/5<\/td><\/tr><tr><td>Hangz\u00e1s Atmoszf\u00e9ra<\/td><td>V\u00e1ros<\/td><td>Jingle Bells<\/td><td>4\/5<\/td><\/tr><tr><td>RTP<\/td><td>97%<\/td><td>97%<\/td><td>5\/5<\/td><\/tr><tr><td>Mobil \u00e9lm\u00e9ny<\/td><td>Sima<\/td><td>Sima<\/td><td>5\/5<\/td><\/tr><\/tbody><\/table><\/figure>\n\n\n\n<p>A navig\u00e1ci\u00f3 minden profil eset\u00e9ben intuit\u00edv marad. A t\u00e9t be\u00e1ll\u00edt\u00e1sa vagy a neh\u00e9zs\u00e9g v\u00e1lt\u00e1sa k\u00e9t gyors kattint\u00e1ssal megoldhat\u00f3, mindenf\u00e9le gond n\u00e9lk\u00fcl.<\/p>\n\n\n\n<h3 class=\"wp-block-heading\">X-mas Version: kar\u00e1csonyi hangulatok az \u00f6r\u00f6m\u00f6k vari\u00e1l\u00e1s\u00e1ra<\/h3>\n\n\n\n<p>Az \u00e9v v\u00e9g\u00e9re az \u00e9vszakok v\u00e1ltoz\u00e1sa gy\u00f6keresen \u00e1talak\u00edtja a k\u00f6rnyezetet. A sz\u00fcrke aszfalt \u00e1tadja hely\u00e9t a f\u00e9nyes h\u00f3nak, \u00e9s a csirk\u00e9nk b\u00fcszk\u00e9n viseli a piros sapk\u00e1t. <strong>Az \u00fcnnepi hangulat ott van<\/strong>.<\/p>\n\n\n\n<p>Biztos lehet benne, hogy a technika egy centit sem mozdul. Az RTP stabilan tartja mag\u00e1t 97%-n\u00e9l, \u00e9s a potenci\u00e1lis szorz\u00f3k is megegyeznek az eredeti verzi\u00f3val. <strong>Nem cs\u00f6kken a j\u00f6vedelmez\u0151s\u00e9g<\/strong>.<\/p>\n\n\n\n<p>Ennek a v\u00e1ltozatnak a kiv\u00e1laszt\u00e1sa <strong>puszt\u00e1n vizu\u00e1lis \u00edzl\u00e9s k\u00e9rd\u00e9se<\/strong>. Ez az ide\u00e1lis lehet\u0151s\u00e9g arra, hogy megszak\u00edtsa a szok\u00e1sos \u00fcl\u00e9sek rutinj\u00e1t an\u00e9lk\u00fcl, hogy megv\u00e1ltoztatn\u00e1 a j\u00e1t\u00e9kstrat\u00e9gi\u00e1j\u00e1t vagy a fogad\u00e1si szok\u00e1sait.<\/p>\n\n\n\n<p>A hozz\u00e1adott h\u00f3hat\u00e1sok ellen\u00e9re, <strong>a foly\u00e9konys\u00e1g tov\u00e1bbra is kifog\u00e1stalan<\/strong>. Nincs lag j\u00f6n, hogy elrontsa a partit mobilon.<\/p>\n\n\n\n<h2 class=\"wp-block-heading\" id=\"betting-strategies-verdict\">Fogad\u00e1si strat\u00e9gi\u00e1k \u00e9s v\u00e9gs\u0151 \u00edt\u00e9let a nyeres\u00e9gess\u00e9gr\u0151l<\/h2>\n\n\n\n<p>R\u00f6viden, mindez sz\u00e9p \u00e9s j\u00f3, de <strong>hogyan nyerhet\u00fcnk igaz\u00e1n p\u00e9nzt<\/strong> ezen a j\u00e1t\u00e9kon?<\/p>\n\n\n\n<h3 class=\"wp-block-heading\">A k\u00fcl\u00f6nb\u00f6z\u0151 szorz\u00f3khoz igaz\u00edtott bankroll-kezel\u00e9s<\/h3>\n\n\n\n<p>A kock\u00e1zatok kiegyens\u00falyoz\u00e1s\u00e1hoz \u00e9rzelmek n\u00e9lk\u00fcli, sz\u00f6gletes m\u00f3dszerre van sz\u00fcks\u00e9g. K\u00f6nny\u0171 m\u00f3dban ink\u00e1bb a nyerem\u00e9nyek mennyis\u00e9g\u00e9re, mint a jackpotra t\u00f6rekedjen. A <strong>felhalmozott kis gy\u0151zelmek v\u00e9dik a t\u0151k\u00e9det<\/strong> a rossz sz\u00e9ri\u00e1k ellen. Ez itt a legjobb \u00e9letbiztos\u00edt\u00e1s.<\/p>\n\n\n\n<p>Itt vannak a <strong>szigor\u00fa szab\u00e1lyok a k\u00f6lts\u00e9gvet\u00e9s kezel\u00e9s\u00e9hez<\/strong>:<\/p>\n\n\n\n<ul class=\"wp-block-list\">\n<li>Fogad\u00e1si tippek: <strong>Soha ne tegyen fel t\u00f6bbet, mint 2% az egyenlegb\u0151l<\/strong>.<\/li>\n\n\n\n<li><strong>N\u00f6velje a t\u00e9tet<\/strong> h\u00e1rom sikert k\u00f6vet\u0151en k\u00f6nny\u0171 m\u00f3dban.<\/li>\n\n\n\n<li><strong>Hardcore m\u00f3dban drasztikusan cs\u00f6kkentsd<\/strong>.<\/li>\n<\/ul>\n\n\n\n<p>Egy veres\u00e9g ut\u00e1n nagy a k\u00eds\u00e9rt\u00e9s, de semmik\u00e9ppen sem szabad dupl\u00e1zni, hogy visszaszerezz\u00fck. \u0150rizze meg hidegv\u00e9r\u00e9t, \u00e9s tartsa mag\u00e1t az eredeti terv\u00e9hez. Ez az, ahol <strong>a j\u00f6vedelmez\u0151s\u00e9g j\u00e1tszott<\/strong>.<\/p>\n\n\n\n<p>L\u00e9gy t\u00fcrelmes. <strong>A siets\u00e9g az els\u0151 sz\u00e1m\u00fa ellens\u00e9g<\/strong> a crash player.<\/p>\n\n\n\n<h3 class=\"wp-block-heading\">Tudni, hogy mikor kell k\u00e9szp\u00e9nzre v\u00e1ltani an\u00e9lk\u00fcl, hogy engedn\u00e9nk a rohan\u00e1snak.<\/h3>\n\n\n\n<p>A kapzsis\u00e1g ki\u00fcr\u00edti a zsebeket, ez\u00e9rt t\u0171zz ki magad el\u00e9 egy gy\u0151zelmi c\u00e9lt \u00fcl\u00e9senk\u00e9nt. Ha el\u00e9rted, hagyd el az utat an\u00e9lk\u00fcl, hogy visszan\u00e9zn\u00e9l. Ez az egyetlen m\u00f3dja annak, hogy <strong>hossz\u00fa t\u00e1von biztos\u00edtsa nyeres\u00e9g\u00e9t<\/strong>. Ne k\u00eds\u00e9rtsd a sorsot.<\/p>\n\n\n\n<p>Figyelje ezeket a mutat\u00f3kat, hogy <strong>a munkamenet le\u00e1ll\u00edt\u00e1sa<\/strong>:<\/p>\n\n\n\n<ul class=\"wp-block-list\">\n<li>Meg\u00e1ll\u00e1sra utal\u00f3 jelek: <strong>H\u00e1rom egym\u00e1st k\u00f6vet\u0151 baleset<\/strong> az els\u0151 l\u00e9p\u00e9sn\u00e9l.<\/li>\n\n\n\n<li>El\u00e9rve egy <strong>x10 szorozzuk meg<\/strong>.<\/li>\n\n\n\n<li><strong>Vizu\u00e1lis f\u00e1radts\u00e1g 20 perc ut\u00e1n<\/strong>.<\/li>\n<\/ul>\n\n\n\n<p>Egy k\u00f6z\u00e9phalad\u00f3 j\u00e1t\u00e9kos sz\u00e1m\u00e1ra ez a c\u00edm egy <strong>kiv\u00e1l\u00f3 sz\u00f3rakoztat\u00f3 eszk\u00f6z val\u00f3di profitlehet\u0151s\u00e9ggel<\/strong>. A 97% RTP-vel a matematika kedvez\u0151bb, mint sok m\u00e1s c\u00edmn\u00e9l.<\/p>\n\n\n\n<p>K\u00e9szen \u00e1llsz az \u00e1tkel\u00e9sre? Ez a j\u00e1t\u00e9k egy <strong>szil\u00e1rd \u00fczlet<\/strong>.<\/p>\n\n\n\n<p>A 97% RTP-vel \u00e9s magas volatilit\u00e1ssal ez az Evoplay c\u00edm a hagyom\u00e1nyos g\u00e9pekn\u00e9l sokkal mag\u00e1val ragad\u00f3bb strat\u00e9gi\u00e1t k\u00edn\u00e1l. Az Uncrossable Rush-r\u0151l alkotott saj\u00e1t v\u00e9lem\u00e9nyed kialak\u00edt\u00e1s\u00e1hoz kezdj \u00f3vatosan, miel\u0151tt megc\u00e9lozn\u00e1d a <strong>10,000x jackpot<\/strong>ez az ide\u00e1lis pillanat, hogy dacoljon a forgalommal \u00e9s k\u00e9szp\u00e9nzzel a nyeres\u00e9ggel.<\/p>\n<\/div>","protected":false},"excerpt":{"rendered":"<p>Uncrossable Rush: THE GOLDEN ROOSTER GAME THAT CROSSES THE HIGHWAY Play UNCROSSABLE RUSH now and start earning money. Enjoy a 500% welcome bonus up to \u20ac6,000. PLAY IN DEMO MODE PLAY WITH REAL MONEY Uncrossable Rush Review: Scam or Legit? Are you tired of watching reels spin without ever having a say in the final &#8230; <a title=\"home1\" class=\"read-more\" href=\"https:\/\/uncrossablerush.uk.com\/hu\/\" aria-label=\"Read more about home1\">Olvass tov\u00e1bb<\/a><\/p>","protected":false},"author":1,"featured_media":0,"parent":0,"menu_order":0,"comment_status":"closed","ping_status":"closed","template":"","meta":{"footnotes":""},"class_list":["post-58","page","type-page","status-publish"],"_links":{"self":[{"href":"https:\/\/uncrossablerush.uk.com\/hu\/wp-json\/wp\/v2\/pages\/58","targetHints":{"allow":["GET"]}}],"collection":[{"href":"https:\/\/uncrossablerush.uk.com\/hu\/wp-json\/wp\/v2\/pages"}],"about":[{"href":"https:\/\/uncrossablerush.uk.com\/hu\/wp-json\/wp\/v2\/types\/page"}],"author":[{"embeddable":true,"href":"https:\/\/uncrossablerush.uk.com\/hu\/wp-json\/wp\/v2\/users\/1"}],"replies":[{"embeddable":true,"href":"https:\/\/uncrossablerush.uk.com\/hu\/wp-json\/wp\/v2\/comments?post=58"}],"version-history":[{"count":58,"href":"https:\/\/uncrossablerush.uk.com\/hu\/wp-json\/wp\/v2\/pages\/58\/revisions"}],"predecessor-version":[{"id":268,"href":"https:\/\/uncrossablerush.uk.com\/hu\/wp-json\/wp\/v2\/pages\/58\/revisions\/268"}],"wp:attachment":[{"href":"https:\/\/uncrossablerush.uk.com\/hu\/wp-json\/wp\/v2\/media?parent=58"}],"curies":[{"name":"wp","href":"https:\/\/api.w.org\/{rel}","templated":true}]}}