{"id":58,"date":"2025-10-28T04:39:00","date_gmt":"2025-10-28T04:39:00","guid":{"rendered":"https:\/\/uncrossablerush.uk.com\/?page_id=58"},"modified":"2026-02-06T08:56:37","modified_gmt":"2026-02-06T08:56:37","slug":"home1","status":"publish","type":"page","link":"https:\/\/uncrossablerush.uk.com\/lv\/","title":{"rendered":"home1"},"content":{"rendered":"<section class=\"gb-element-c0819d6c banner\">\n<div class=\"gb-element-0659d418\">\n<div class=\"wp-block-columns is-layout-flex wp-container-core-columns-is-layout-9d6595d7 wp-block-columns-is-layout-flex\">\n<div class=\"wp-block-column is-layout-flow wp-block-column-is-layout-flow\">\n<h2 class=\"gb-text gb-text-155ce4c1\">Uncrossable Rush: ZELTA GAILIS SP\u0112LE, KAS \u0160\u0136\u0112RSO \u0160OSEJU<\/h2>\n\n\n\n<p class=\"has-text-align-center has-base-3-color has-text-color has-link-color wp-elements-09925c00a8a3e2c74f4a88472967e480\"><strong>Sp\u0113l\u0113t <strong>NEP\u0100RVARAMA STEIGA<\/strong> un s\u0101ciet peln\u012bt naudu. Izbaudiet <strong>500% bonuss l\u012bdz \u20ac6,000<\/strong>.<\/strong><\/p>\n\n\n\n<div class=\"wp-block-columns is-layout-flex wp-container-core-columns-is-layout-9d6595d7 wp-block-columns-is-layout-flex\">\n<div class=\"wp-block-column is-layout-flow wp-block-column-is-layout-flow\" style=\"flex-basis:20px\"><\/div>\n\n\n\n<div class=\"wp-block-column is-layout-flow wp-block-column-is-layout-flow\">\n<a class=\"gb-text gb-text-50c1af7c\" href=\"\/play\/\">SP\u0112L\u0112T DEMO RE\u017d\u012aM\u0100<\/a>\n<\/div>\n\n\n\n<div class=\"wp-block-column is-layout-flow wp-block-column-is-layout-flow\">\n<a class=\"gb-text gb-text-6d7e1e7e\" href=\"\/play\/\">SP\u0112L\u0112T AR RE\u0100LU NAUDU<\/a>\n<\/div>\n\n\n\n<div class=\"wp-block-column is-layout-flow wp-block-column-is-layout-flow\" style=\"flex-basis:20px\"><\/div>\n<\/div>\n<\/div>\n<\/div>\n<\/div>\n<\/section>\n\n\n\n<div class=\"gb-element-12e373b6\">\n<h1 class=\"wp-block-heading\">Uncrossable Rush p\u0101rskats: Scam vai Legit?<\/h1>\n\n\n\n<p>Vai esat noguris skat\u012bties, k\u0101 grie\u017eas ru\u013c\u013ci, bet jums nav nek\u0101das teik\u0161anas par sesijas galarezult\u0101tu? \u0160aj\u0101 Uncrossable Rush p\u0101rskat\u0101 ir aprakst\u012bta \u0161\u012b Evoplay sp\u0113le, kur\u0101 j\u016bsu drosme \u0161\u0137\u0113rsot satiksmi. <strong>tie\u0161i nosaka j\u016bsu pe\u013c\u0146as apjomu.<\/strong>. Uzziniet, k\u0101 pieradin\u0101t \u0161o 97% RTP, un atkl\u0101jiet, k\u0101 m\u016bsu riska p\u0101rvald\u012bbas metode var novest j\u016bs pie 10 000x d\u017eekpota.<\/p>\n\n\n\n<ol class=\"wp-block-list\">\n<li><a href=\"#uncrossable-rush-review-evoplay\">Uncrossable Rush p\u0101rskats: Evoplay av\u0101rijas sp\u0113le zem mikroskopa<\/a><\/li>\n\n\n\n<li><a href=\"#game-mechanics-difficulty\">Sp\u0113les meh\u0101nika un regul\u0113jami gr\u016bt\u012bbas l\u012bme\u0146i<\/a><\/li>\n\n\n\n<li><a href=\"#user-experience-versions\">Lietot\u0101ja pieredze un tematisk\u0101s versijas<\/a><\/li>\n\n\n\n<li><a href=\"#betting-strategies-verdict\">Likmju strat\u0113\u0123ijas un gal\u012bgais spriedums par rentabilit\u0101ti<\/a><\/li>\n<\/ol>\n\n\n\n<h2 class=\"wp-block-heading\" id=\"uncrossable-rush-review-evoplay\">Uncrossable Rush p\u0101rskats: Evoplay av\u0101rijas sp\u0113le zem mikroskopa<\/h2>\n\n\n\n<p>Aizmirstiet par vienro\u010diem band\u012btiem, kas grie\u017eas cilp\u0101s; \u0161eit m\u0113s run\u0101jam par. <strong>vistas, kas risk\u0113 ar savu \u0101du, lai ieg\u016btu j\u016bsu reizin\u0101t\u0101jus.<\/strong>.<\/p>\n\n\n\n<h3 class=\"wp-block-heading\">Ce\u013cu \u0161\u0137\u0113rso\u0161anas koncepcija, kas ir t\u0101lu no klasiskajiem sp\u0113\u013cu autom\u0101tiem<\/h3>\n\n\n\n<p>Iedom\u0101jieties, ka Eggvina, bezbail\u012bga vista, sastopas ar haotisku 24 joslu lielce\u013cu. Tas nav sp\u0113\u013cu autom\u0101ts, kur\u0101 j\u016bs cie\u0161at no rezult\u0101ta; tas ir <strong>t\u012bra av\u0101rijas sp\u0113le, kur\u0101 mijiedarb\u012bba aizst\u0101j ru\u013c\u013cus.<\/strong>.<\/p>\n\n\n\n<p>Vai tas jums atg\u0101dina Frogger? Tie\u0161i t\u0101, bet ar <strong>uz sp\u0113les likta re\u0101la nauda<\/strong>. At\u0161\u0137ir\u012bb\u0101 no sp\u0113\u013cu autom\u0101tiem, kur j\u016bs skat\u0101ties bezgaum\u012bgi, \u0161eit j\u016bs izlemjat soli pa solim virz\u012bties uz priek\u0161u, kas radik\u0101li maina kontroles saj\u016btu.<\/p>\n\n\n\n<p>Katrs klik\u0161\u0137is izraisa <strong>t\u016bl\u012bt\u0113js sadursmes risks<\/strong>. T\u0101 nav tradicion\u0101l\u0101 sp\u0113\u013cu autom\u0101ta pas\u012bv\u0101 iesp\u0113ja, tas ir neapstr\u0101d\u0101ts adrenal\u012bns.<\/p>\n\n\n\n<h3 class=\"wp-block-heading\">97% RTP un augsts sv\u0101rst\u012bgums musku\u013cu guvumiem<\/h3>\n\n\n\n<p>Ar RTP 97% \u0161\u012b sp\u0113le p\u0101rsp\u0113j t\u0101dus mil\u017eus k\u0101 Starburst vai Gonzo's Quest. Tas ir krietni virs parasto kazino sp\u0113\u013cu vid\u0113j\u0101 r\u0101d\u012bt\u0101ja. Uz <strong>t\u0101p\u0113c teor\u0113tisk\u0101 rentabilit\u0101te ir \u012bpa\u0161i stabila.<\/strong> gudriem sp\u0113l\u0113t\u0101jiem.<\/p>\n\n\n\n<p>Esiet uzman\u012bgi, jo sv\u0101rst\u012bgums ir liels. . <strong>uzvaras var b\u016bt retas, bet spr\u0101dzienb\u012bstamas<\/strong>, \u012bpa\u0161i, ja j\u016bs m\u0113\u0123in\u0101siet izmantot maksim\u0101lo reizin\u0101t\u0101ju 10 000x.<\/p>\n\n\n\n<p>\u0160is <strong>maksim\u0101lais teor\u0113tiskais ieguvums<\/strong> ir nogalino\u0161s arguments. Tas ir ide\u0101li piem\u0113rots tiem, kas mekl\u0113 lielus rezult\u0101tus vien\u0101 saspringt\u0101 sesij\u0101.<\/p>\n\n\n\n<h3 class=\"wp-block-heading\">Uzticam\u012bba un Provably Fair sist\u0113ma, lai sp\u0113l\u0113tu mier\u012bgi<\/h3>\n\n\n\n<p>Tehnolo\u0123ija \"Provably Fair\" maina skepti\u0137u sp\u0113les noteikumus. Katrs <strong>rezult\u0101ts ir p\u0101rbaud\u0101ms, izmantojot kriptogr\u0101fiju.<\/strong>kas nov\u0113r\u0161 jebk\u0101das aizdomas, ka kazino re\u0101llaik\u0101 manipul\u0113 ar rezult\u0101tiem.<\/p>\n\n\n\n<p>Evoplay nav neskaidra studija; t\u0101 ir <strong>sertific\u0113ts smagsvara izstr\u0101d\u0101t\u0101js<\/strong> nozar\u0113. Vi\u0146u reput\u0101cija ir labi nostiprin\u0101jusies tirg\u016b, garant\u0113jot stabilu un p\u0101rbaud\u012btu programmat\u016bru.<\/p>\n\n\n\n<p>Sp\u0113l\u0113t\u0101js var koncentr\u0113ties uz \u0161\u0137\u0113rso\u0161anas strat\u0113\u0123iju. Jums nav j\u0101baid\u0101s no <strong>tehnisk\u0101 kr\u0101p\u0161ana, tikai bl\u012bva satiksme<\/strong>.<\/p>\n\n\n\n<h2 class=\"wp-block-heading\" id=\"game-mechanics-difficulty\">Sp\u0113les meh\u0101nika un regul\u0113jami gr\u016bt\u012bbas l\u012bme\u0146i<\/h2>\n\n\n\n<p>Ta\u010du \u0161\u012b nosaukuma paties\u0101 priek\u0161roc\u012bba ir t\u0101. <strong>sp\u0113ja piel\u0101goties savai riska pieejai.<\/strong>.<\/p>\n\n\n\n<h3 class=\"wp-block-heading\">\u010cetri riska re\u017e\u012bmi: no vienk\u0101r\u0161a l\u012bdz hardcore<\/h3>\n\n\n\n<p>Evoplay pied\u0101v\u0101 \u010detrus at\u0161\u0137ir\u012bgus iestat\u012bjumus, kas radik\u0101li maina sp\u0113\u013cu pieredzi. Pirms katras likmes j\u016bs izv\u0113laties satiksmes intensit\u0101ti. Katrs re\u017e\u012bms <strong>radik\u0101li maina av\u0101riju bie\u017eumu.<\/strong> ce\u013c\u0101.<\/p>\n\n\n\n<p>L\u016bk, k\u0101 <strong>risks att\u012bst\u0101s<\/strong> p\u0113c j\u016bsu izv\u0113les:<\/p>\n\n\n\n<ul class=\"wp-block-list\">\n<li><strong>Viegls re\u017e\u012bms<\/strong>Nelieli reizin\u0101t\u0101ji, bet bie\u017ei pan\u0101kumi.<\/li>\n\n\n\n<li><strong>Vid\u0113jais re\u017e\u012bms<\/strong>Riska un atdeves l\u012bdzsvars.<\/li>\n\n\n\n<li><strong>Gr\u016btais re\u017e\u012bms<\/strong>drosm\u012bgiem sp\u0113l\u0113t\u0101jiem.<\/li>\n\n\n\n<li><strong>Hardcore re\u017e\u012bms<\/strong>delrious reizin\u0101t\u0101ji, bet <strong>izdz\u012bvo\u0161ana ir \u013coti reta.<\/strong>.<\/li>\n<\/ul>\n\n\n\n<p>Ies\u0101c\u0113jiem iesaku palikt vieglaj\u0101 re\u017e\u012bm\u0101. Tas ir <strong>lab\u0101k\u0101 skola, lai izprastu ritmu<\/strong> bez bankrota.<\/p>\n\n\n\n<h3 class=\"wp-block-heading\">Multiplikatoru un Rush skait\u012bt\u0101ju p\u0101rvald\u012bba<\/h3>\n\n\n\n<p>Uzvaru skait\u012bt\u0101js vizu\u0101li k\u013c\u016bst traks, tikl\u012bdz Eggvina \u0161\u0137\u0113rso joslu. Jo t\u0101l\u0101k vista virz\u0101s, jo vair\u0101k <strong>ekr\u0101n\u0101 par\u0101d\u0101s neskait\u0101mie skait\u013ci<\/strong>. Tas ir line\u0101rs, bet \u013coti saspringts process. Stress pieaug l\u012bdz ar reizin\u0101t\u0101ju.<\/p>\n\n\n\n<p>Katr\u0101 posm\u0101 av\u0101rijas neprognoz\u0113jam\u012bba saglab\u0101jas piln\u012bga. J\u016bs nekad nezin\u0101t, kas <strong>josla b\u016bs likten\u012bga<\/strong> pils\u0113tas putniem.<\/p>\n\n\n\n<p>\u0160im vizu\u0101lajam efektam ir iespaid\u012bgs psiholo\u0123isks triks. Tas <strong>bie\u017ei vien j\u016bs spie\u017e pie\u013caut k\u013c\u016bdas.<\/strong> vienk\u0101r\u0161i no v\u0113lmes, lai \u0161is skaits pieaugtu.<\/p>\n\n\n\n<h3 class=\"wp-block-heading\">Autom\u0101tiskais re\u017e\u012bms un progresa piel\u0101go\u0161ana<\/h3>\n\n\n\n<p>Automatiz\u0101cijas opcijas \u013cauj prec\u012bzi konfigur\u0113t sesijas. J\u016bs varat iestat\u012bt raundu skaitu un summas bez manu\u0101las iejauk\u0161an\u0101s. <strong>Sp\u0113le p\u0101rvalda \u0161\u0137\u0113rso\u0161anu saska\u0146\u0101 ar j\u016bsu noteikumiem.<\/strong>.<\/p>\n\n\n\n<p>Autom\u0101tisk\u0101s iz\u0146em\u0161anas iestat\u012bjums maina strat\u0113\u0123isko sp\u0113li. Tas ir lielisks l\u012bdzeklis, lai izietu no sp\u0113les, tikl\u012bdz ir sasniegts konkr\u0113ts l\u012bmenis. J\u016bs <strong>nodro\u0161in\u0101t savu pe\u013c\u0146u bez emocion\u0101las vilcin\u0101\u0161an\u0101s.<\/strong>.<\/p>\n\n\n\n<p>Neaizmirstiet noteikt stingrus zaud\u0113jumu ierobe\u017eojumus. Tas ir nepiecie\u0161amais aizsargpas\u0101kums, lai <strong>aizsarg\u0101t savu kapit\u0101lu<\/strong> pret sliktu sv\u012btru.<\/p>\n\n\n\n<h2 class=\"wp-block-heading\" id=\"user-experience-versions\">Lietot\u0101ja pieredze un tematisk\u0101s versijas<\/h2>\n\n\n\n<p>Papildus skait\u013ciem tas ir <strong>vizu\u0101lo iepakojumu, kas beidzot p\u0101rliecina<\/strong> vispras\u012bg\u0101kajiem sp\u0113l\u0113t\u0101jiem.<\/p>\n\n\n\n<h3 class=\"wp-block-heading\">Pl\u016bsma mobil\u0101s un pils\u0113tu saskar\u0146u ergonomik\u0101<\/h3>\n\n\n\n<p>Viedt\u0101lrun\u012b interfeiss uzreiz p\u0101rsteidz ar savu skaidr\u012bbu. Vad\u012bbas pogas ir lielas, t\u0101d\u0113j\u0101di nov\u0113r\u0161ot neveiklas apstr\u0101des k\u013c\u016bdas, un, atkl\u0101ti sakot, taustes reakcija ir priek\u0161z\u012bm\u012bga. J\u016bs uzreiz j\u016btat, ka <strong>nosaukums tika izstr\u0101d\u0101ts nomadiskai sp\u0113lei<\/strong>.<\/p>\n\n\n\n<p>Vizu\u0101li pils\u0113tvides t\u0113ma uzrun\u0101 jau no pa\u0161a atkl\u0101\u0161anas br\u012b\u017ea. <strong>Spilgtas kr\u0101sas pies\u0101tina ekr\u0101nu, un Eggwina anim\u0101cijas ir absol\u016bti pl\u016bsto\u0161as.<\/strong>. Tas ir t\u012brs, m\u016bsdien\u012bgs un nav izpl\u016bdis pat uz maz\u0101 ekr\u0101na.<\/p>\n\n\n\n<p>\u0160eit ir <strong>\u0101trs sal\u012bdzin\u0101jums, lai pal\u012bdz\u0113tu jums izlemt.<\/strong> starp ab\u0101m pieejamaj\u0101m atmosf\u0113r\u0101m.<\/p>\n\n\n\n<figure class=\"wp-block-table\"><table class=\"has-fixed-layout\"><thead><tr><th>Krit\u0113rijs<\/th><th>Klasisk\u0101 versija<\/th><th>X-mas versija<\/th><th>V\u0113rt\u0113jums<\/th><\/tr><\/thead><tbody><tr><td>Grafika<\/td><td>Urban<\/td><td>Sv\u0113tku<\/td><td>5\/5<\/td><\/tr><tr><td>Ska\u0146as atmosf\u0113ra<\/td><td>Pils\u0113ta<\/td><td>Jingle Bells<\/td><td>4\/5<\/td><\/tr><tr><td>RTP<\/td><td>97%<\/td><td>97%<\/td><td>5\/5<\/td><\/tr><tr><td>Mobil\u0101 pieredze<\/td><td>Gluds<\/td><td>Gluds<\/td><td>5\/5<\/td><\/tr><\/tbody><\/table><\/figure>\n\n\n\n<p>Navig\u0101cija visos profilos ir intuit\u012bva. Likmes piel\u0101go\u0161ana vai gr\u016bt\u012bbas pak\u0101pes mai\u0146a ir iesp\u0113jama ar diviem \u0101triem klik\u0161\u0137iem, bez liekas piep\u016bles.<\/p>\n\n\n\n<h3 class=\"wp-block-heading\">X-mas Versija: Ziemassv\u0113tku vibr\u0101cijas, lai da\u017e\u0101dotu prieku<\/h3>\n\n\n\n<p>Gada nogal\u0113 sezon\u0101l\u0101s izmai\u0146as radik\u0101li maina vidi. Pel\u0113kais asfalts nomaina spilgtu sniegu, un m\u016bsu vista lepni uzvelk sarkanu cepuri. <strong>Sv\u0113tku gars ir kl\u0101t<\/strong>.<\/p>\n\n\n\n<p>Esiet dro\u0161i, ka tehnika nemain\u0101s ne par collu. RTP ir 97%, un potenci\u0101lie reizin\u0101t\u0101ji ir identiski ori\u0123in\u0101lajai versijai. <strong>Rentabilit\u0101tes zaud\u0113jumu nav<\/strong>.<\/p>\n\n\n\n<p>\u0160\u012bs versijas izv\u0113le ir <strong>tikai vizu\u0101l\u0101s gaumes jaut\u0101jums<\/strong>. Tas ir ide\u0101ls risin\u0101jums, lai izjauktu ierasto sesiju rut\u012bnu, nemainot savu sp\u0113les strat\u0113\u0123iju vai likmju lik\u0161anas paradumus.<\/p>\n\n\n\n<p>Neskatoties uz pievienoto sniega efektu, <strong>pl\u016bdums joproj\u0101m ir nevainojams<\/strong>. Nav kav\u0113\u0161an\u0101s n\u0101k saboj\u0101t ball\u012bti mobilaj\u0101s ier\u012bc\u0113s.<\/p>\n\n\n\n<h2 class=\"wp-block-heading\" id=\"betting-strategies-verdict\">Likmju strat\u0113\u0123ijas un gal\u012bgais spriedums par rentabilit\u0101ti<\/h2>\n\n\n\n<p>\u012as\u0101k sakot, tas viss ir labi un jauki, bet <strong>k\u0101 m\u0113s patie\u0161\u0101m ieg\u016bstam naudu<\/strong> par \u0161o sp\u0113li?<\/p>\n\n\n\n<h3 class=\"wp-block-heading\">Bankroll p\u0101rvald\u012bba, kas piel\u0101gota da\u017e\u0101diem reizin\u0101t\u0101jiem<\/h3>\n\n\n\n<p>Lai l\u012bdzsvarotu riskus, jums ir nepiecie\u0161ama kvadr\u0101tiska metode bez emocij\u0101m. Vieglaj\u0101 re\u017e\u012bm\u0101 tiecieties uz vinnestu skaitu, nevis uz d\u017eekpotu. . <strong>uzkr\u0101t\u0101s maz\u0101s uzvaras aizsarg\u0101 j\u016bsu kapit\u0101lu<\/strong> pret slikt\u0101m sv\u012btr\u0101m. T\u0101 ir j\u016bsu lab\u0101k\u0101 dz\u012bv\u012bbas apdro\u0161in\u0101\u0161ana.<\/p>\n\n\n\n<p>\u0160eit ir <strong>stingri bud\u017eeta p\u0101rvald\u012bbas noteikumi<\/strong>:<\/p>\n\n\n\n<ul class=\"wp-block-list\">\n<li>Der\u012bbu likmes: <strong>Nekad neveiciet likmes, kas p\u0101rsniedz 2% no atlikuma.<\/strong>.<\/li>\n\n\n\n<li><strong>Palielin\u0101t likmi<\/strong> p\u0113c trim pan\u0101kumiem vieglaj\u0101 re\u017e\u012bm\u0101.<\/li>\n\n\n\n<li><strong>Krasi samazin\u0101t Hardcore re\u017e\u012bm\u0101<\/strong>.<\/li>\n<\/ul>\n\n\n\n<p>P\u0113c zaud\u0113juma k\u0101rdin\u0101jums ir liels, ta\u010du, lai atg\u016btos, noteikti nedr\u012bkst dubultoties. Saglab\u0101jiet v\u0113su pr\u0101tu un iev\u0113rojiet s\u0101kotn\u0113jo pl\u0101nu. Tas ir tas, kur <strong>tiek sp\u0113l\u0113ta rentabilit\u0101te<\/strong>.<\/p>\n\n\n\n<p>Esiet paciet\u012bgi. <strong>Steiga ir ienaidnieks numur viens<\/strong> no av\u0101rijas atska\u0146ot\u0101ja.<\/p>\n\n\n\n<h3 class=\"wp-block-heading\">Zin\u0101\u0161anas par to, kad iz\u0146emt naudu, ne\u013caujoties steigai<\/h3>\n\n\n\n<p>Alkat\u012bba iztuk\u0161o kabatas, t\u0101p\u0113c uzst\u0101diet sev uzvaras m\u0113r\u0137i katrai sesijai. Kad tas ir sasniegts, atst\u0101jiet ce\u013cu, neatskatoties atpaka\u013c. Tas ir vien\u012bgais veids, k\u0101 <strong>nodro\u0161iniet savu pe\u013c\u0146u ilgtermi\u0146\u0101.<\/strong>. Nek\u0101rdiniet likteni.<\/p>\n\n\n\n<p>Skatieties \u0161os r\u0101d\u012bt\u0101jus, lai <strong>p\u0101rtraukt sesiju<\/strong>:<\/p>\n\n\n\n<ul class=\"wp-block-list\">\n<li>Z\u012bmes, lai apst\u0101tos: <strong>Tr\u012bs av\u0101rijas p\u0113c k\u0101rtas<\/strong> pirmaj\u0101 posm\u0101.<\/li>\n\n\n\n<li>Sasniegt <strong>x10 reizin\u0101t<\/strong>.<\/li>\n\n\n\n<li><strong>Vizu\u0101lais nogurums p\u0113c 20 min\u016bt\u0113m<\/strong>.<\/li>\n<\/ul>\n\n\n\n<p>\u0160\u012b sada\u013ca ir dom\u0101ta vid\u0113ja l\u012bme\u0146a sp\u0113l\u0113t\u0101jiem. <strong>lielisks izklaides r\u012bks ar re\u0101lu pe\u013c\u0146as potenci\u0101lu<\/strong>. Ar RTP 97% matem\u0101tika ir izdev\u012bg\u0101ka nek\u0101 daudz\u0101s cit\u0101s sp\u0113l\u0113s.<\/p>\n\n\n\n<p>T\u0101tad, vai esat gatavi \u0161\u0137\u0113rsot? \u0160\u012b sp\u0113le ir <strong>stabils dar\u012bjums<\/strong>.<\/p>\n\n\n\n<p>Ar RTP 97% un augstu nepast\u0101v\u012bbu \u0161\u012b Evoplay sp\u0113le pied\u0101v\u0101 daudz aizraujo\u0161\u0101ku strat\u0113\u0123iju nek\u0101 tradicion\u0101lie sp\u0113\u013cu autom\u0101ti. Lai izveidotu savu viedokli par Uncrossable Rush, s\u0101ciet piesardz\u012bgi, pirms tiekties uz <strong>10 000x d\u017eekpots<\/strong>tas ir \u012bstais br\u012bdis, lai nepak\u013cautos satiksmei un g\u016btu pe\u013c\u0146u.<\/p>\n<\/div>","protected":false},"excerpt":{"rendered":"<p>Uncrossable Rush: THE GOLDEN ROOSTER GAME THAT CROSSES THE HIGHWAY Play UNCROSSABLE RUSH now and start earning money. Enjoy a 500% welcome bonus up to \u20ac6,000. PLAY IN DEMO MODE PLAY WITH REAL MONEY Uncrossable Rush Review: Scam or Legit? Are you tired of watching reels spin without ever having a say in the final &#8230; <a title=\"home1\" class=\"read-more\" href=\"https:\/\/uncrossablerush.uk.com\/lv\/\" aria-label=\"Read more about home1\">Read more<\/a><\/p>","protected":false},"author":1,"featured_media":0,"parent":0,"menu_order":0,"comment_status":"closed","ping_status":"closed","template":"","meta":{"footnotes":""},"class_list":["post-58","page","type-page","status-publish"],"_links":{"self":[{"href":"https:\/\/uncrossablerush.uk.com\/lv\/wp-json\/wp\/v2\/pages\/58","targetHints":{"allow":["GET"]}}],"collection":[{"href":"https:\/\/uncrossablerush.uk.com\/lv\/wp-json\/wp\/v2\/pages"}],"about":[{"href":"https:\/\/uncrossablerush.uk.com\/lv\/wp-json\/wp\/v2\/types\/page"}],"author":[{"embeddable":true,"href":"https:\/\/uncrossablerush.uk.com\/lv\/wp-json\/wp\/v2\/users\/1"}],"replies":[{"embeddable":true,"href":"https:\/\/uncrossablerush.uk.com\/lv\/wp-json\/wp\/v2\/comments?post=58"}],"version-history":[{"count":58,"href":"https:\/\/uncrossablerush.uk.com\/lv\/wp-json\/wp\/v2\/pages\/58\/revisions"}],"predecessor-version":[{"id":268,"href":"https:\/\/uncrossablerush.uk.com\/lv\/wp-json\/wp\/v2\/pages\/58\/revisions\/268"}],"wp:attachment":[{"href":"https:\/\/uncrossablerush.uk.com\/lv\/wp-json\/wp\/v2\/media?parent=58"}],"curies":[{"name":"wp","href":"https:\/\/api.w.org\/{rel}","templated":true}]}}