{"id":58,"date":"2025-10-28T04:39:00","date_gmt":"2025-10-28T04:39:00","guid":{"rendered":"https:\/\/uncrossablerush.uk.com\/?page_id=58"},"modified":"2026-02-06T08:56:37","modified_gmt":"2026-02-06T08:56:37","slug":"home1","status":"publish","type":"page","link":"https:\/\/uncrossablerush.uk.com\/pl\/","title":{"rendered":"home1"},"content":{"rendered":"<section class=\"gb-element-c0819d6c banner\">\n<div class=\"gb-element-0659d418\">\n<div class=\"wp-block-columns is-layout-flex wp-container-core-columns-is-layout-9d6595d7 wp-block-columns-is-layout-flex\">\n<div class=\"wp-block-column is-layout-flow wp-block-column-is-layout-flow\">\n<h2 class=\"gb-text gb-text-155ce4c1\">Uncrossable Rush: GRA O Z\u0141OTYM KOGUCIE, KT\u00d3RY PRZECINA AUTOSTRAD\u0118<\/h2>\n\n\n\n<p class=\"has-text-align-center has-base-3-color has-text-color has-link-color wp-elements-09925c00a8a3e2c74f4a88472967e480\"><strong>Gra\u0107 <strong>P\u0118D NIE DO POKONANIA<\/strong> i zacznij zarabia\u0107. Ciesz si\u0119 <strong>500% bonus powitalny do \u20ac6,000<\/strong>.<\/strong><\/p>\n\n\n\n<div class=\"wp-block-columns is-layout-flex wp-container-core-columns-is-layout-9d6595d7 wp-block-columns-is-layout-flex\">\n<div class=\"wp-block-column is-layout-flow wp-block-column-is-layout-flow\" style=\"flex-basis:20px\"><\/div>\n\n\n\n<div class=\"wp-block-column is-layout-flow wp-block-column-is-layout-flow\">\n<a class=\"gb-text gb-text-50c1af7c\" href=\"\/play\/\">GRA W TRYBIE DEMO<\/a>\n<\/div>\n\n\n\n<div class=\"wp-block-column is-layout-flow wp-block-column-is-layout-flow\">\n<a class=\"gb-text gb-text-6d7e1e7e\" href=\"\/play\/\">GRAJ ZA PRAWDZIWE PIENI\u0104DZE<\/a>\n<\/div>\n\n\n\n<div class=\"wp-block-column is-layout-flow wp-block-column-is-layout-flow\" style=\"flex-basis:20px\"><\/div>\n<\/div>\n<\/div>\n<\/div>\n<\/div>\n<\/section>\n\n\n\n<div class=\"gb-element-12e373b6\">\n<h1 class=\"wp-block-heading\">Recenzja Uncrossable Rush: oszustwo czy legalne?<\/h1>\n\n\n\n<p>Czy jeste\u015b zm\u0119czony ogl\u0105daniem kr\u0119c\u0105cych si\u0119 b\u0119bn\u00f3w bez wp\u0142ywu na ostateczny wynik swoich sesji? Ta recenzja Uncrossable Rush przedstawia t\u0119 gr\u0119 Evoplay, w kt\u00f3rej twoja odwaga do przekraczania ruchu ulicznego <strong>bezpo\u015brednio okre\u015bla wielko\u015b\u0107 zysk\u00f3w<\/strong>. Dowiedz si\u0119 teraz, jak okie\u0142zna\u0107 97% RTP i odkryj, jak nasza metoda zarz\u0105dzania ryzykiem mo\u017ce doprowadzi\u0107 Ci\u0119 do jackpota 10,000x.<\/p>\n\n\n\n<ol class=\"wp-block-list\">\n<li><a href=\"#uncrossable-rush-review-evoplay\">Recenzja Uncrossable Rush: Evoplay crash game pod lup\u0105<\/a><\/li>\n\n\n\n<li><a href=\"#game-mechanics-difficulty\">Mechanika gry i regulowane poziomy trudno\u015bci<\/a><\/li>\n\n\n\n<li><a href=\"#user-experience-versions\">Do\u015bwiadczenie u\u017cytkownika i wersje tematyczne<\/a><\/li>\n\n\n\n<li><a href=\"#betting-strategies-verdict\">Strategie obstawiania i ostateczny werdykt dotycz\u0105cy rentowno\u015bci<\/a><\/li>\n<\/ol>\n\n\n\n<h2 class=\"wp-block-heading\" id=\"uncrossable-rush-review-evoplay\">Recenzja Uncrossable Rush: Evoplay crash game pod lup\u0105<\/h2>\n\n\n\n<p>Zapomnij o jednor\u0119kich bandytach kr\u0119c\u0105cych si\u0119 w p\u0119tlach; tutaj m\u00f3wimy o <strong>kurczak ryzykuj\u0105cy sk\u00f3r\u0119 dla swoich mno\u017cnik\u00f3w<\/strong>.<\/p>\n\n\n\n<h3 class=\"wp-block-heading\">Koncepcja skrzy\u017cowania dr\u00f3g daleka od klasycznych slot\u00f3w<\/h3>\n\n\n\n<p>Wyobra\u017a sobie Eggwina, nieustraszon\u0105 kur\u0119 stawiaj\u0105c\u0105 czo\u0142a chaotycznej 24-pasmowej autostradzie. To nie jest automat do gry, w kt\u00f3rym cierpisz z powodu wyniku; to jest <strong>czysta gra crash, w kt\u00f3rej interakcja zast\u0119puje b\u0119bny<\/strong>.<\/p>\n\n\n\n<p>Czy przypomina ci to Froggera? Dok\u0142adnie, ale z <strong>Stawk\u0105 s\u0105 prawdziwe pieni\u0105dze<\/strong>. W przeciwie\u0144stwie do automat\u00f3w, w kt\u00f3rych ogl\u0105dasz bezmy\u015blnie, tutaj decydujesz o post\u0119pach krok po kroku, co radykalnie zmienia poczucie kontroli.<\/p>\n\n\n\n<p>Ka\u017cde klikni\u0119cie wyzwala <strong>bezpo\u015brednie ryzyko kolizji<\/strong>. To nie jest pasywna szansa tradycyjnego slotu; to surowa adrenalina.<\/p>\n\n\n\n<h3 class=\"wp-block-heading\">97% RTP i wysoka zmienno\u015b\u0107 dla zysk\u00f3w mi\u0119\u015bniowych<\/h3>\n\n\n\n<p>Ze wsp\u00f3\u0142czynnikiem RTP na poziomie 97%, tytu\u0142 ten przewy\u017csza takich gigant\u00f3w jak Starburst czy Gonzo's Quest. Jest to znacznie powy\u017cej \u015bredniej dla zwyk\u0142ych gier kasynowych. The <strong>Teoretyczna rentowno\u015b\u0107 jest zatem szczeg\u00f3lnie solidna<\/strong> dla inteligentnego gracza.<\/p>\n\n\n\n<p>B\u0105d\u017a ostro\u017cny, zmienno\u015b\u0107 jest wysoka. The <strong>zwyci\u0119stwa mog\u0105 by\u0107 rzadkie, ale wybuchowe<\/strong>Zw\u0142aszcza je\u015bli celujesz w maksymalny mno\u017cnik 10 000x.<\/p>\n\n\n\n<p>To <strong>Maksymalna teoretyczna wygrana<\/strong> to zab\u00f3jczy argument. Jest idealny dla tych, kt\u00f3rzy szukaj\u0105 du\u017cego wyniku w jednej napi\u0119tej sesji.<\/p>\n\n\n\n<h3 class=\"wp-block-heading\">Niezawodny i sprawiedliwy system do spokojnej gry<\/h3>\n\n\n\n<p>Technologia Provably Fair zmienia zasady gry dla sceptyk\u00f3w. Ka\u017cdy <strong>wynik jest weryfikowalny za pomoc\u0105 kryptografii<\/strong>co eliminuje wszelkie podejrzenia o manipulowanie wynikami przez kasyno w czasie rzeczywistym.<\/p>\n\n\n\n<p>Evoplay nie jest ma\u0142o znanym studiem; to jest <strong>certyfikowany deweloper wagi ci\u0119\u017ckiej<\/strong> w bran\u017cy. Ich reputacja jest ugruntowana na rynku, gwarantuj\u0105c stabilne i sprawdzone oprogramowanie.<\/p>\n\n\n\n<p>Gracz mo\u017ce skupi\u0107 si\u0119 na swojej strategii przej\u015bcia. Nie boisz si\u0119 <strong>oszustwo techniczne, po prostu g\u0119sty ruch<\/strong>.<\/p>\n\n\n\n<h2 class=\"wp-block-heading\" id=\"game-mechanics-difficulty\">Mechanika gry i regulowane poziomy trudno\u015bci<\/h2>\n\n\n\n<p>Prawdziwa si\u0142a tego tytu\u0142u tkwi jednak w jego <strong>zdolno\u015b\u0107 do dostosowania si\u0119 do w\u0142asnej tolerancji na ryzyko<\/strong>.<\/p>\n\n\n\n<h3 class=\"wp-block-heading\">Cztery tryby ryzyka: od \u0142atwego do hardkorowego<\/h3>\n\n\n\n<p>Evoplay oferuje cztery r\u00f3\u017cne ustawienia, kt\u00f3re radykalnie zmieniaj\u0105 wra\u017cenia z gry. Intensywno\u015b\u0107 ruchu wybierasz przed ka\u017cdym zak\u0142adem. Ka\u017cdy tryb <strong>radykalnie zmienia cz\u0119stotliwo\u015b\u0107 wypadk\u00f3w<\/strong> w drodze.<\/p>\n\n\n\n<p>Oto w jaki spos\u00f3b <strong>ryzyko ewoluuje<\/strong> zgodnie z wyborem u\u017cytkownika:<\/p>\n\n\n\n<ul class=\"wp-block-list\">\n<li><strong>Tryb \u0142atwy<\/strong>Ma\u0142e mno\u017cniki, ale cz\u0119ste sukcesy.<\/li>\n\n\n\n<li><strong>Tryb \u015bredni<\/strong>R\u00f3wnowaga mi\u0119dzy ryzykiem a zyskiem.<\/li>\n\n\n\n<li><strong>Tryb trudny<\/strong>dla odwa\u017cnych graczy.<\/li>\n\n\n\n<li><strong>Tryb Hardcore<\/strong>deliryczne mno\u017cniki, ale <strong>prze\u017cycie jest bardzo rzadkie<\/strong>.<\/li>\n<\/ul>\n\n\n\n<p>Pocz\u0105tkuj\u0105cym radz\u0119 pozosta\u0107 w trybie \u0142atwym. Jest to <strong>najlepsza szko\u0142a, aby zrozumie\u0107 rytm<\/strong> bez bankructwa.<\/p>\n\n\n\n<h3 class=\"wp-block-heading\">Mno\u017cniki i zarz\u0105dzanie licznikiem Rush<\/h3>\n\n\n\n<p>Licznik zwyci\u0119stw wariuje, gdy tylko Eggwina przekroczy lini\u0119. Im dalej kurczak si\u0119 posuwa, tym wi\u0119cej <strong>Liczby szalej\u0105 na ekranie<\/strong>. Jest to liniowa, ale bardzo napi\u0119ta progresja. Stres ro\u015bnie wraz ze wzrostem mno\u017cnika.<\/p>\n\n\n\n<p>Nieprzewidywalno\u015b\u0107 katastrofy pozostaje ca\u0142kowita na ka\u017cdym etapie. Nigdy nie wiadomo, kt\u00f3ry <strong>pas ruchu b\u0119dzie fatalny<\/strong> do miejskiego ptaka.<\/p>\n\n\n\n<p>Ten efekt wizualny odgrywa pot\u0119\u017cn\u0105 sztuczk\u0119 psychologiczn\u0105. To <strong>cz\u0119sto popycha do pope\u0142niania b\u0142\u0119d\u00f3w<\/strong> po prostu z ch\u0119ci zobaczenia, jak liczba ta ro\u015bnie.<\/p>\n\n\n\n<h3 class=\"wp-block-heading\">Tryb automatyczny i dostosowywanie post\u0119p\u00f3w<\/h3>\n\n\n\n<p>Opcje automatyzacji pozwalaj\u0105 na precyzyjn\u0105 konfiguracj\u0119 sesji. Mo\u017cesz ustawi\u0107 liczb\u0119 rund i kwoty bez r\u0119cznej interwencji. <strong>Gra zarz\u0105dza przej\u015bciem zgodnie z zasadami u\u017cytkownika<\/strong>.<\/p>\n\n\n\n<p>Ustawienie automatycznej wyp\u0142aty zmienia strategi\u0119 gry. Jest to idealne narz\u0119dzie do wyj\u015bcia z gry, gdy tylko zostanie osi\u0105gni\u0119ty okre\u015blony poziom. Ty <strong>Zabezpiecz swoje zyski bez emocjonalnego wahania<\/strong>.<\/p>\n\n\n\n<p>Nie zapomnij o ustaleniu \u015bcis\u0142ych limit\u00f3w strat. Jest to niezb\u0119dne zabezpieczenie <strong>Chro\u0144 sw\u00f3j kapita\u0142<\/strong> przeciwko z\u0142ej passie.<\/p>\n\n\n\n<h2 class=\"wp-block-heading\" id=\"user-experience-versions\">Do\u015bwiadczenie u\u017cytkownika i wersje tematyczne<\/h2>\n\n\n\n<p>Poza liczbami, jest to <strong>opakowanie wizualne, kt\u00f3re ostatecznie przekonuje<\/strong> najbardziej wymagaj\u0105cych graczy.<\/p>\n\n\n\n<h3 class=\"wp-block-heading\">P\u0142ynno\u015b\u0107 w ergonomii interfejs\u00f3w mobilnych i miejskich<\/h3>\n\n\n\n<p>Na smartfonie interfejs uderza natychmiastow\u0105 przejrzysto\u015bci\u0105. Przyciski steruj\u0105ce s\u0105 du\u017ce, co pozwala unikn\u0105\u0107 niezr\u0119cznych b\u0142\u0119d\u00f3w w obs\u0142udze, a reakcja na dotyk jest, szczerze m\u00f3wi\u0105c, wzorowa. Od razu czu\u0107, \u017ce <strong>Tytu\u0142 zosta\u0142 zaprojektowany do gry nomadycznej<\/strong>.<\/p>\n\n\n\n<p>Wizualnie, miejski motyw wyskakuje od samego pocz\u0105tku. <strong>Jasne kolory nasycaj\u0105 ekran, a animacje Eggwina s\u0105 absolutnie p\u0142ynne<\/strong>. Jest czysty, nowoczesny i nie rozmywa si\u0119 nawet na ma\u0142ym ekranie.<\/p>\n\n\n\n<p>Oto <strong>Szybkie por\u00f3wnanie, kt\u00f3re pomo\u017ce Ci podj\u0105\u0107 decyzj\u0119<\/strong> mi\u0119dzy dwiema dost\u0119pnymi atmosferami.<\/p>\n\n\n\n<figure class=\"wp-block-table\"><table class=\"has-fixed-layout\"><thead><tr><th>Kryterium<\/th><th>Wersja klasyczna<\/th><th>Wersja X-mas<\/th><th>Ocena<\/th><\/tr><\/thead><tbody><tr><td>Grafika<\/td><td>Miejski<\/td><td>\u015awi\u0105teczny<\/td><td>5\/5<\/td><\/tr><tr><td>Atmosfera d\u017awi\u0119ku<\/td><td>Miasto<\/td><td>Jingle Bells<\/td><td>4\/5<\/td><\/tr><tr><td>RTP<\/td><td>97%<\/td><td>97%<\/td><td>5\/5<\/td><\/tr><tr><td>Do\u015bwiadczenie mobilne<\/td><td>G\u0142adki<\/td><td>G\u0142adki<\/td><td>5\/5<\/td><\/tr><\/tbody><\/table><\/figure>\n\n\n\n<p>Nawigacja pozostaje intuicyjna dla wszystkich profili. Dostosowanie zak\u0142adu lub zmiana poziomu trudno\u015bci odbywa si\u0119 za pomoc\u0105 dw\u00f3ch szybkich klikni\u0119\u0107, bez \u017cadnych k\u0142opot\u00f3w.<\/p>\n\n\n\n<h3 class=\"wp-block-heading\">Wersja X-mas: \u015awi\u0105teczne wibracje dla urozmaicenia przyjemno\u015bci<\/h3>\n\n\n\n<p>Pod koniec roku sezonowe zmiany radykalnie zmieniaj\u0105 sceneri\u0119. Szary asfalt ust\u0119puje miejsca jasnemu \u015bniegowi, a nasz kurczak dumnie nosi czerwon\u0105 czapk\u0119. <strong>Duch \u015bwi\u0105t jest obecny<\/strong>.<\/p>\n\n\n\n<p>Zapewniamy, \u017ce technika nie zmieni\u0142a si\u0119 ani o centymetr. RTP utrzymuje si\u0119 na poziomie 97%, a potencjalne mno\u017cniki pozostaj\u0105 identyczne jak w oryginalnej wersji. <strong>Brak utraty rentowno\u015bci<\/strong>.<\/p>\n\n\n\n<p>Wyb\u00f3r tej wersji to <strong>Czysta kwestia gustu wizualnego<\/strong>. Jest to idealna opcja, aby prze\u0142ama\u0107 rutyn\u0119 zwyk\u0142ych sesji bez modyfikowania strategii gry lub nawyk\u00f3w obstawiania.<\/p>\n\n\n\n<p>Pomimo dodanych efekt\u00f3w \u015bniegu, <strong>P\u0142ynno\u015b\u0107 pozostaje nienaganna<\/strong>. \u017badne op\u00f3\u017anienia nie psuj\u0105 zabawy na urz\u0105dzeniach mobilnych.<\/p>\n\n\n\n<h2 class=\"wp-block-heading\" id=\"betting-strategies-verdict\">Strategie obstawiania i ostateczny werdykt dotycz\u0105cy rentowno\u015bci<\/h2>\n\n\n\n<p>Kr\u00f3tko m\u00f3wi\u0105c, wszystko to jest w porz\u0105dku, ale <strong>Jak naprawd\u0119 wygrywamy pieni\u0105dze<\/strong> w tej grze?<\/p>\n\n\n\n<h3 class=\"wp-block-heading\">Zarz\u0105dzanie kapita\u0142em dostosowane do r\u00f3\u017cnych mno\u017cnik\u00f3w<\/h3>\n\n\n\n<p>Aby zr\u00f3wnowa\u017cy\u0107 ryzyko, potrzebujesz kwadratowej metody bez emocji. W trybie \u0142atwym celuj raczej w ilo\u015b\u0107 wygranych ni\u017c w jackpota. The <strong>Skumulowane ma\u0142e zwyci\u0119stwa chroni\u0105 kapita\u0142<\/strong> przeciwko z\u0142ym passom. To najlepsze ubezpieczenie na \u017cycie.<\/p>\n\n\n\n<p>Oto <strong>\u015bcis\u0142e zasady zarz\u0105dzania bud\u017cetem<\/strong>:<\/p>\n\n\n\n<ul class=\"wp-block-list\">\n<li>Zak\u0142ady bukmacherskie: <strong>Nigdy nie stawiaj wi\u0119cej ni\u017c 2% salda<\/strong>.<\/li>\n\n\n\n<li><strong>Zwi\u0119kszenie zak\u0142adu<\/strong> po trzech sukcesach w trybie \u0142atwym.<\/li>\n\n\n\n<li><strong>Drastyczna redukcja w trybie Hardcore<\/strong>.<\/li>\n<\/ul>\n\n\n\n<p>Po przegranej pokusa jest ogromna, ale absolutnie nie wolno podwaja\u0107 strat, aby odzyska\u0107 r\u00f3wnowag\u0119. Zachowaj zimn\u0105 krew i trzymaj si\u0119 pocz\u0105tkowego planu. W tym miejscu <strong>rentowno\u015b\u0107 jest odtwarzana<\/strong>.<\/p>\n\n\n\n<p>B\u0105d\u017a cierpliwy. <strong>Po\u015bpiech jest wrogiem numer jeden<\/strong> odtwarzacza awaryjnego.<\/p>\n\n\n\n<h3 class=\"wp-block-heading\">Wiedza o tym, kiedy wyp\u0142aci\u0107 pieni\u0105dze bez poddawania si\u0119 po\u015bpiechowi<\/h3>\n\n\n\n<p>Chciwo\u015b\u0107 opr\u00f3\u017cnia kieszenie, wi\u0119c ustaw sobie cel wygranej na sesj\u0119. Po jego osi\u0105gni\u0119ciu zejd\u017a z drogi, nie ogl\u0105daj\u0105c si\u0119 za siebie. To jedyny spos\u00f3b na <strong>Zabezpiecz swoje zyski w d\u0142u\u017cszej perspektywie<\/strong>. Nie ku\u015b losu.<\/p>\n\n\n\n<p>Obserwuj te wska\u017aniki, aby <strong>zatrzyma\u0107 sesj\u0119<\/strong>:<\/p>\n\n\n\n<ul class=\"wp-block-list\">\n<li>Znaki do zatrzymania: <strong>Trzy wypadki z rz\u0119du<\/strong> na pierwszym etapie.<\/li>\n\n\n\n<li>Osi\u0105gni\u0119cie <strong>mno\u017cenie x10<\/strong>.<\/li>\n\n\n\n<li><strong>Zm\u0119czenie wzroku po 20 minutach<\/strong>.<\/li>\n<\/ul>\n\n\n\n<p>Dla \u015bredniozaawansowanych graczy tytu\u0142 ten jest <strong>Doskona\u0142e narz\u0119dzie rozrywkowe z realnym potencja\u0142em zysku<\/strong>. Z RTP na poziomie 97%, matematyka jest bardziej korzystna ni\u017c w wielu innych tytu\u0142ach.<\/p>\n\n\n\n<p>Gotowy na przepraw\u0119? Ta gra to <strong>solidna umowa<\/strong>.<\/p>\n\n\n\n<p>Z RTP na poziomie 97% i wysok\u0105 zmienno\u015bci\u0105, ten tytu\u0142 Evoplay oferuje strategi\u0119 znacznie bardziej wci\u0105gaj\u0105c\u0105 ni\u017c tradycyjne maszyny. Aby wyrobi\u0107 sobie w\u0142asn\u0105 opini\u0119 na temat Uncrossable Rush, zacznij ostro\u017cnie, zanim wyruszysz w kierunku <strong>Jackpot 10,000x<\/strong>Jest to idealny moment, aby przeciwstawi\u0107 si\u0119 ruchowi i spieni\u0119\u017cy\u0107 swoje zyski.<\/p>\n<\/div>","protected":false},"excerpt":{"rendered":"<p>Uncrossable Rush: THE GOLDEN ROOSTER GAME THAT CROSSES THE HIGHWAY Play UNCROSSABLE RUSH now and start earning money. Enjoy a 500% welcome bonus up to \u20ac6,000. PLAY IN DEMO MODE PLAY WITH REAL MONEY Uncrossable Rush Review: Scam or Legit? Are you tired of watching reels spin without ever having a say in the final &#8230; <a title=\"home1\" class=\"read-more\" href=\"https:\/\/uncrossablerush.uk.com\/pl\/\" aria-label=\"Dowiedz si\u0119 wi\u0119cej o home1\">Czytaj dalej<\/a><\/p>","protected":false},"author":1,"featured_media":0,"parent":0,"menu_order":0,"comment_status":"closed","ping_status":"closed","template":"","meta":{"footnotes":""},"class_list":["post-58","page","type-page","status-publish"],"_links":{"self":[{"href":"https:\/\/uncrossablerush.uk.com\/pl\/wp-json\/wp\/v2\/pages\/58","targetHints":{"allow":["GET"]}}],"collection":[{"href":"https:\/\/uncrossablerush.uk.com\/pl\/wp-json\/wp\/v2\/pages"}],"about":[{"href":"https:\/\/uncrossablerush.uk.com\/pl\/wp-json\/wp\/v2\/types\/page"}],"author":[{"embeddable":true,"href":"https:\/\/uncrossablerush.uk.com\/pl\/wp-json\/wp\/v2\/users\/1"}],"replies":[{"embeddable":true,"href":"https:\/\/uncrossablerush.uk.com\/pl\/wp-json\/wp\/v2\/comments?post=58"}],"version-history":[{"count":58,"href":"https:\/\/uncrossablerush.uk.com\/pl\/wp-json\/wp\/v2\/pages\/58\/revisions"}],"predecessor-version":[{"id":268,"href":"https:\/\/uncrossablerush.uk.com\/pl\/wp-json\/wp\/v2\/pages\/58\/revisions\/268"}],"wp:attachment":[{"href":"https:\/\/uncrossablerush.uk.com\/pl\/wp-json\/wp\/v2\/media?parent=58"}],"curies":[{"name":"wp","href":"https:\/\/api.w.org\/{rel}","templated":true}]}}